{"id":32,"date":"2017-08-07T08:20:53","date_gmt":"2017-08-07T08:20:53","guid":{"rendered":"http:\/\/extremaduracitopic.com\/?page_id=32"},"modified":"2017-10-20T08:53:43","modified_gmt":"2017-10-20T08:53:43","slug":"bienvenida","status":"publish","type":"page","link":"https:\/\/extremaduracitopic.com\/?page_id=32","title":{"rendered":"Bienvenida"},"content":{"rendered":"<div class=\"itemFullText\">\n<p style=\"text-align: justify;\">Estrenamos p\u00e1gina web y es para m\u00ed un placer daros la bienvenida a este nuevo espacio de informaci\u00f3n y\u00a0participaci\u00f3n.<\/p>\n<p style=\"text-align: justify;\">Extremaduracitopic.com nace con la vocaci\u00f3n de acercar, dar a conocer y hacer mucho m\u00e1s visible nuestro Colegio\u00a0a la sociedad, sirviendo como punto de referencia para las personas, empresas e instituciones que necesiten de los\u00a0servicios de la profesi\u00f3n o de nuestros profesionales.<\/p>\n<p style=\"text-align: justify;\">Pero tambi\u00e9n queremos que sea el lugar de encuentro entre colegiados, estudiantes y todos aquellos a los que les\u00a0interese la ingenier\u00eda civil, adem\u00e1s de ser una herramienta que os haga m\u00e1s c\u00f3modo y r\u00e1pido vuestro trabajo.<\/p>\n<p style=\"text-align: justify;\">A trav\u00e9s de los diferentes apartados y enlaces de la web queremos exponer de una forma clara qu\u00e9 es el Colegio,\u00a0qu\u00e9 servicios presta al ciudadano, que servicios presta al colegiado y definir nuestra profesi\u00f3n, explicando cuanto\u00a0puede aportar a la sociedad.<\/p>\n<p style=\"text-align: justify;\">Pero este no es m\u00e1s que el punto de salida, se trata de una web en evoluci\u00f3n y para desarrollarla nos gustar\u00eda\u00a0contar con vuestra ayuda y colaboraci\u00f3n. El objetivo es que esta web sea de todos, por ello vuestra opini\u00f3n es\u00a0importante.<\/p>\n<p style=\"text-align: justify;\">En nombre de la Junta de Gobierno del Colegio de Ingenieros T\u00e9cnicos de Obras P\u00fablicas e Ingenieros Civiles de\u00a0Extremadura y en el m\u00edo propio os env\u00edo un cordial saludo.<\/p>\n<p style=\"text-align: justify;\">Rafael Pag\u00e9s Rodr\u00edguez<\/p>\n<p style=\"text-align: justify;\">Decano<\/p>\n<\/div>\n","protected":false},"excerpt":{"rendered":"<p>Estrenamos p\u00e1gina web y es para m\u00ed un placer daros la bienvenida a este nuevo espacio de informaci\u00f3n y\u00a0participaci\u00f3n. Extremaduracitopic.com nace con la vocaci\u00f3n de acercar, dar a conocer y hacer mucho m\u00e1s visible nuestro Colegio\u00a0a la sociedad, sirviendo como punto de referencia para las personas, empresas e instituciones que necesiten de los\u00a0servicios de la [&hellip;]<\/p>\n","protected":false},"author":1,"featured_media":0,"parent":0,"menu_order":0,"comment_status":"closed","ping_status":"closed","template":"","meta":{"jetpack_post_was_ever_published":false},"jetpack_sharing_enabled":true,"jetpack_shortlink":"https:\/\/wp.me\/P9MqsF-w","_links":{"self":[{"href":"https:\/\/extremaduracitopic.com\/index.php?rest_route=\/wp\/v2\/pages\/32"}],"collection":[{"href":"https:\/\/extremaduracitopic.com\/index.php?rest_route=\/wp\/v2\/pages"}],"about":[{"href":"https:\/\/extremaduracitopic.com\/index.php?rest_route=\/wp\/v2\/types\/page"}],"author":[{"embeddable":true,"href":"https:\/\/extremaduracitopic.com\/index.php?rest_route=\/wp\/v2\/users\/1"}],"replies":[{"embeddable":true,"href":"https:\/\/extremaduracitopic.com\/index.php?rest_route=%2Fwp%2Fv2%2Fcomments&post=32"}],"version-history":[{"count":2,"href":"https:\/\/extremaduracitopic.com\/index.php?rest_route=\/wp\/v2\/pages\/32\/revisions"}],"predecessor-version":[{"id":267,"href":"https:\/\/extremaduracitopic.com\/index.php?rest_route=\/wp\/v2\/pages\/32\/revisions\/267"}],"wp:attachment":[{"href":"https:\/\/extremaduracitopic.com\/index.php?rest_route=%2Fwp%2Fv2%2Fmedia&parent=32"}],"curies":[{"name":"wp","href":"https:\/\/api.w.org\/{rel}","templated":true}]}}