{"id":34,"date":"2017-08-07T08:21:38","date_gmt":"2017-08-07T08:21:38","guid":{"rendered":"http:\/\/extremaduracitopic.com\/?page_id=34"},"modified":"2022-05-19T09:35:02","modified_gmt":"2022-05-19T09:35:02","slug":"organigrama","status":"publish","type":"page","link":"https:\/\/extremaduracitopic.com\/?page_id=34","title":{"rendered":"Organigrama"},"content":{"rendered":"<p style=\"text-align: justify;\">En la <strong>Zona de Extremadura<\/strong>, el organigrama del <strong>CITOP<\/strong> se distribuye de la siguiente forma:<\/p>\n<p style=\"text-align: justify;\"><strong>ASAMBLEA TERRITORIAL <\/strong><\/p>\n<p style=\"text-align: justify;\">Es el \u00f3rgano superior de expresi\u00f3n de la voluntad de todos los colegiados residentes en Extremadura. Por tanto, todos ellos, as\u00ed como los \u00f3rganos de Gobierno del Colegio, est\u00e1n obligados al cumplimiento de los acuerdos que la Asamblea adopte.<\/p>\n<p style=\"text-align: justify;\">Est\u00e1 formada por todos los colegiados y presidida por el Decano acompa\u00f1ado por los dem\u00e1s miembros de la Junta de Gobierno.<\/p>\n<p style=\"text-align: justify;\">La Asamblea Territorial se celebra una vez al a\u00f1o.<\/p>\n<p style=\"text-align: justify;\"><strong>JUNTA DE GOBIERNO <\/strong><\/p>\n<p style=\"text-align: justify;\">Es el \u00f3rgano que administra, dirige y orienta la actuaci\u00f3n del Colegio en Extremadura. Est\u00e1 constituida por el Decano, Vicedecano, Secretario, Tesorero, Delegado y Vocales.<\/p>\n<p style=\"text-align: justify;\">El 18 de mayo de 2022, tomaron posesi\u00f3n de los cargos y se constituy\u00f3 la nueva Junta de Gobierno del Colegio de Ingenieros T\u00e9cnicos de Obras P\u00fablicas de Extremadura, que regir\u00e1n y presidir\u00e1n este colegio durante los siguientes cuatro a\u00f1os y que est\u00e1 formada por los siguientes miembros:<\/p>\n<div>\n<table class=\" aligncenter\" style=\"width: 527.2px;\" border=\"0\" cellspacing=\"0\" cellpadding=\"0\">\n<tbody>\n<tr style=\"text-align: justify;\">\n<td style=\"width: 191px;\" align=\"left\" valign=\"top\"><strong>Decano:<\/strong><\/td>\n<td style=\"width: 341.2px;\" valign=\"top\">D. Rafael Pag\u00e9s Rodr\u00edguez<\/td>\n<\/tr>\n<tr style=\"text-align: justify;\">\n<td style=\"width: 191px;\" align=\"left\" valign=\"top\"><strong>Vicedecano:<\/strong><\/td>\n<td style=\"width: 341.2px;\" valign=\"top\">D. Jos\u00e9 David Pastor Valle<\/td>\n<\/tr>\n<tr style=\"text-align: justify;\">\n<td style=\"width: 191px;\" align=\"left\" valign=\"top\"><strong>Secretaria:<\/strong><\/td>\n<td style=\"width: 341.2px;\" valign=\"top\">D\u00f1a. Matilde Vicente Pizarro<\/td>\n<\/tr>\n<tr style=\"text-align: justify;\">\n<td style=\"width: 191px;\" align=\"left\" valign=\"top\"><strong>Tesorero:<\/strong><\/td>\n<td style=\"width: 341.2px;\" valign=\"top\">D. Miguel Jorge Seller \u00c1lvarez<\/td>\n<\/tr>\n<tr style=\"text-align: justify;\">\n<td style=\"width: 191px;\" align=\"left\" valign=\"top\"><strong>Delegado Badajoz:<\/strong><\/td>\n<td style=\"width: 341.2px;\" valign=\"top\">D. Marco Tom\u00e1s Rodr\u00edguez Mart\u00ednez<\/td>\n<\/tr>\n<tr>\n<td style=\"text-align: justify; width: 191px;\" align=\"left\" valign=\"top\"><strong>Vocales:<\/strong><\/td>\n<td style=\"width: 341.2px;\" align=\"left\" valign=\"top\">\n<p style=\"text-align: justify;\">D\u00f1a. Guadalupe del Arco Delicado<\/p>\n<p style=\"text-align: justify;\">D\u00f1a. Patricia Rom\u00e1n Cerro<\/p>\n<p style=\"text-align: justify;\">\n<\/td>\n<\/tr>\n<tr>\n<td style=\"text-align: justify; width: 191px;\"><strong>Suplente Vicedecano:<br \/>\n<\/strong><\/td>\n<td style=\"width: 341.2px;\">\n<p style=\"text-align: justify;\">D. Jos\u00e9 Ignacio Villalba Sierra<\/p>\n<\/td>\n<\/tr>\n<tr>\n<td style=\"text-align: justify; width: 191px;\"><strong>Suplente Secretaria:<br \/>\n<\/strong><\/td>\n<td style=\"width: 341.2px;\">\n<p style=\"text-align: justify;\">D\u00f1a. Beatriz N\u00fa\u00f1ez Santano<\/p>\n<\/td>\n<\/tr>\n<tr>\n<td style=\"text-align: justify; width: 191px;\"><strong>Suplente Tesorero:<br \/>\n<\/strong><\/td>\n<td style=\"width: 341.2px;\">\n<p style=\"text-align: justify;\">D. Daniel Galeano Andrada<\/p>\n<\/td>\n<\/tr>\n<tr>\n<td style=\"text-align: justify; width: 191px;\"><strong>Suplente<\/strong> <strong>Delegado de Badajoz:<\/strong><strong><br \/>\n<\/strong><\/td>\n<td style=\"width: 341.2px;\">\n<p style=\"text-align: justify;\">D. Carlos Bautista Solano<\/p>\n<\/td>\n<\/tr>\n<tr>\n<td style=\"text-align: justify; width: 191px;\"><strong>Suplente<\/strong> <strong>Vocal:<\/strong><strong><br \/>\n<\/strong><\/td>\n<td style=\"width: 341.2px;\">\n<p style=\"text-align: justify;\">D\u00f1a. Isabel S\u00e1nchez Mart\u00edn<\/p>\n<\/td>\n<\/tr>\n<tr>\n<td style=\"text-align: justify; width: 191px;\"><strong>Suplente<\/strong> <strong>Vocal:<\/strong><strong><br \/>\n<\/strong><\/td>\n<td style=\"width: 341.2px;\">\n<p style=\"text-align: justify;\">D\u00f1a. F\u00e1tima Dur\u00e1n Pav\u00f3n<\/p>\n<\/td>\n<\/tr>\n<\/tbody>\n<\/table>\n<\/div>\n","protected":false},"excerpt":{"rendered":"<p>En la Zona de Extremadura, el organigrama del CITOP se distribuye de la siguiente forma: ASAMBLEA TERRITORIAL Es el \u00f3rgano superior de expresi\u00f3n de la voluntad de todos los colegiados residentes en Extremadura. Por tanto, todos ellos, as\u00ed como los \u00f3rganos de Gobierno del Colegio, est\u00e1n obligados al cumplimiento de los acuerdos que la Asamblea [&hellip;]<\/p>\n","protected":false},"author":1,"featured_media":0,"parent":0,"menu_order":0,"comment_status":"closed","ping_status":"closed","template":"","meta":{"jetpack_post_was_ever_published":false},"jetpack_sharing_enabled":true,"jetpack_shortlink":"https:\/\/wp.me\/P9MqsF-y","_links":{"self":[{"href":"https:\/\/extremaduracitopic.com\/index.php?rest_route=\/wp\/v2\/pages\/34"}],"collection":[{"href":"https:\/\/extremaduracitopic.com\/index.php?rest_route=\/wp\/v2\/pages"}],"about":[{"href":"https:\/\/extremaduracitopic.com\/index.php?rest_route=\/wp\/v2\/types\/page"}],"author":[{"embeddable":true,"href":"https:\/\/extremaduracitopic.com\/index.php?rest_route=\/wp\/v2\/users\/1"}],"replies":[{"embeddable":true,"href":"https:\/\/extremaduracitopic.com\/index.php?rest_route=%2Fwp%2Fv2%2Fcomments&post=34"}],"version-history":[{"count":7,"href":"https:\/\/extremaduracitopic.com\/index.php?rest_route=\/wp\/v2\/pages\/34\/revisions"}],"predecessor-version":[{"id":2170,"href":"https:\/\/extremaduracitopic.com\/index.php?rest_route=\/wp\/v2\/pages\/34\/revisions\/2170"}],"wp:attachment":[{"href":"https:\/\/extremaduracitopic.com\/index.php?rest_route=%2Fwp%2Fv2%2Fmedia&parent=34"}],"curies":[{"name":"wp","href":"https:\/\/api.w.org\/{rel}","templated":true}]}}