{"id":40,"date":"2017-08-07T08:23:24","date_gmt":"2017-08-07T08:23:24","guid":{"rendered":"http:\/\/extremaduracitopic.com\/?page_id=40"},"modified":"2018-03-11T12:18:28","modified_gmt":"2018-03-11T12:18:28","slug":"fines-y-funciones","status":"publish","type":"page","link":"https:\/\/extremaduracitopic.com\/?page_id=40","title":{"rendered":"Fines y funciones"},"content":{"rendered":"<div id=\"jf-maincontent\" class=\"jf-grid-9\">\n<div class=\"jf-block\">\n<div id=\"k2Container\" class=\"itemView\">\n<div class=\"itemBody\">\n<div class=\"itemFullText\">\n<p style=\"text-align: justify;\">Finalidades fundamentales:<\/p>\n<p style=\"text-align: justify;\">\u2022 La ordenaci\u00f3n del ejercicio profesional orientada a su perfeccionamiento y progreso al servicio de la sociedad<br \/>\n\u2022 La representaci\u00f3n de la profesi\u00f3n dentro de su \u00e1mbito de trabajo<br \/>\n\u2022 La defensa de los intereses profesionales de los colegiados<br \/>\n\u2022 La promoci\u00f3n de la profesi\u00f3n y del reconocimiento de su prestigio, dignidad y contenido, velando por la deontolog\u00eda profesional del ingeniero en el respeto a los derechos de los ciudadanos<\/p>\n<p style=\"text-align: justify;\">Funciones que ejerce:<\/p>\n<p style=\"text-align: justify;\">\u2022 Apoyar y facilitar a los colegiados el ejercicio de la profesi\u00f3n.<br \/>\n\u2022 Prestar a los colegiados asistencia jur\u00eddica y asesoramiento profesional.<br \/>\n\u2022 Fomentar el pleno empleo.<br \/>\n\u2022 Asesorar a los colegiados en todo cuanto pueda ayudarles en el ejercicio de la profesi\u00f3n.<br \/>\n\u2022 Visar los trabajos profesionales de los colegiados.<br \/>\n\u2022 Adoptar medidas para evitar el intrusismo profesional.<br \/>\n\u2022 Organizar y promover actividades y servicios de car\u00e1cter profesional, formativo, cultural, asistencial y otros<br \/>\n\u2022 Participar en la elaboraci\u00f3n de los planes de estudio y en los \u00f3rganos consultivos de la Administraci\u00f3n en materia de competencia de la profesi\u00f3n.<br \/>\n\u2022 Establecer la normativa deontol\u00f3gica.<br \/>\n\u2022 Convenios propios con entidades aseguradoras.<br \/>\n\u2022 Cursos de Especializaci\u00f3n Profesional organizados por el Consejo y por distintas Zonas del Colegio.<br \/>\n\u2022 Convenios preferentes con otros Colegios Profesionales para el intercambio de Servicios.<br \/>\n\u2022 Gesti\u00f3n, tramitaci\u00f3n y cobro de los honorarios profesionales.<br \/>\n\u2022 Correo electr\u00f3nico.<\/p>\n<\/div>\n<div class=\"clr\" style=\"text-align: justify;\"><\/div>\n<\/div>\n<\/div>\n<\/div>\n<\/div>\n<div class=\"main clearfix\" style=\"text-align: justify;\"><\/div>\n","protected":false},"excerpt":{"rendered":"<p>Finalidades fundamentales: \u2022 La ordenaci\u00f3n del ejercicio profesional orientada a su perfeccionamiento y progreso al servicio de la sociedad \u2022 La representaci\u00f3n de la profesi\u00f3n dentro de su \u00e1mbito de trabajo \u2022 La defensa de los intereses profesionales de los colegiados \u2022 La promoci\u00f3n de la profesi\u00f3n y del reconocimiento de su prestigio, dignidad y [&hellip;]<\/p>\n","protected":false},"author":1,"featured_media":0,"parent":0,"menu_order":0,"comment_status":"closed","ping_status":"closed","template":"","meta":{"jetpack_post_was_ever_published":false},"jetpack_sharing_enabled":true,"jetpack_shortlink":"https:\/\/wp.me\/P9MqsF-E","_links":{"self":[{"href":"https:\/\/extremaduracitopic.com\/index.php?rest_route=\/wp\/v2\/pages\/40"}],"collection":[{"href":"https:\/\/extremaduracitopic.com\/index.php?rest_route=\/wp\/v2\/pages"}],"about":[{"href":"https:\/\/extremaduracitopic.com\/index.php?rest_route=\/wp\/v2\/types\/page"}],"author":[{"embeddable":true,"href":"https:\/\/extremaduracitopic.com\/index.php?rest_route=\/wp\/v2\/users\/1"}],"replies":[{"embeddable":true,"href":"https:\/\/extremaduracitopic.com\/index.php?rest_route=%2Fwp%2Fv2%2Fcomments&post=40"}],"version-history":[{"count":2,"href":"https:\/\/extremaduracitopic.com\/index.php?rest_route=\/wp\/v2\/pages\/40\/revisions"}],"predecessor-version":[{"id":271,"href":"https:\/\/extremaduracitopic.com\/index.php?rest_route=\/wp\/v2\/pages\/40\/revisions\/271"}],"wp:attachment":[{"href":"https:\/\/extremaduracitopic.com\/index.php?rest_route=%2Fwp%2Fv2%2Fmedia&parent=40"}],"curies":[{"name":"wp","href":"https:\/\/api.w.org\/{rel}","templated":true}]}}