{"id":419,"date":"2018-02-15T17:11:24","date_gmt":"2018-02-15T17:11:24","guid":{"rendered":"http:\/\/extremaduracitopic.com\/?page_id=419"},"modified":"2023-12-15T09:11:24","modified_gmt":"2023-12-15T09:11:24","slug":"formacion","status":"publish","type":"page","link":"https:\/\/extremaduracitopic.com\/?page_id=419","title":{"rendered":"Formaci\u00f3n Extremadura"},"content":{"rendered":"\n<p class=\"has-medium-font-size\">La FORMACI\u00d3N es un factor importante para que nuestros colegiados tengan una actualizaci\u00f3n continua de sus conocimientos, y debido a la creciente importancia de las Tecnolog\u00edas de la Informaci\u00f3n y Comunicaci\u00f3n, queremos ofrecer a los colegiados este espacio donde publicaremos Cursos y Jornadas T\u00e9cnicas organizadas por nuestro Colegio para mejorar su formaci\u00f3n.<\/p>\n\n\n\n<p class=\"has-medium-font-size\">Por ello, hemos creado la siguiente Plataforma de Formaci\u00f3n Moodle, donde daremos toda nuestra Formaci\u00f3n \u00abOn Line\u00bb. Para acceder, haz click en la imagen o sigue la url: <a href=\"https:\/\/extremaduracitop.milaulas.com\" target=\"_blank\" rel=\"noreferrer noopener\">https:\/\/extremaduracitop.milaulas.com<\/a><\/p>\n\n\n<div class=\"wp-block-image is-style-default\">\n<figure class=\"aligncenter size-full is-resized\"><a href=\"https:\/\/extremaduracitop.milaulas.com\" target=\"_blank\" rel=\"noreferrer noopener\"><img decoding=\"async\" loading=\"lazy\" src=\"https:\/\/extremaduracitopic.com\/wp-content\/uploads\/2023\/10\/WEB-FORMACION.jpg\" alt=\"\" class=\"wp-image-2649\" width=\"543\" height=\"257\" srcset=\"https:\/\/extremaduracitopic.com\/wp-content\/uploads\/2023\/10\/WEB-FORMACION.jpg 724w, https:\/\/extremaduracitopic.com\/wp-content\/uploads\/2023\/10\/WEB-FORMACION-300x142.jpg 300w\" sizes=\"(max-width: 543px) 100vw, 543px\" \/><\/a><\/figure><\/div>\n\n\n<p class=\"has-medium-font-size\">Para descargar documentaci\u00f3n de jornadas celebradas pincha en la imagen:<\/p>\n\n\n<div class=\"wp-block-image\">\n<figure class=\"aligncenter size-medium\"><a href=\"https:\/\/extremaduracitopic.com\/?page_id=2489\"><img decoding=\"async\" loading=\"lazy\" width=\"300\" height=\"135\" src=\"https:\/\/extremaduracitopic.com\/wp-content\/uploads\/2023\/05\/FORMACION-300x135.png\" alt=\"\" class=\"wp-image-2503\" srcset=\"https:\/\/extremaduracitopic.com\/wp-content\/uploads\/2023\/05\/FORMACION-300x135.png 300w, https:\/\/extremaduracitopic.com\/wp-content\/uploads\/2023\/05\/FORMACION-1024x461.png 1024w, https:\/\/extremaduracitopic.com\/wp-content\/uploads\/2023\/05\/FORMACION-768x346.png 768w, https:\/\/extremaduracitopic.com\/wp-content\/uploads\/2023\/05\/FORMACION-517x235.png 517w, https:\/\/extremaduracitopic.com\/wp-content\/uploads\/2023\/05\/FORMACION.png 1110w\" sizes=\"(max-width: 300px) 100vw, 300px\" \/><\/a><\/figure><\/div>\n\n\n<ul>\n<li class=\"has-medium-font-size\"><strong>2023<\/strong>\n<ul>\n<li>21\/11\/2023 &#8211; <a href=\"https:\/\/extremaduracitopic.com\/?p=2682\" data-type=\"URL\" data-id=\"https:\/\/extremaduracitopic.com\/?p=2682\">JORNADA CONFEDERACI\u00d3N HIDROGR\u00c1FICA DEL TAJO<\/a><\/li>\n\n\n\n<li>17\/11\/2023 &#8211; <a href=\"https:\/\/extremaduracitopic.com\/?p=2682\">JORNADA CONFEDERACI\u00d3N HIDROGR\u00c1FICA DEL TAJO \u2013 CITOP EXTREMADURA<\/a><\/li>\n\n\n\n<li>23\/10\/2023 &#8211; <a href=\"https:\/\/extremaduracitopic.com\/?p=2643\" data-type=\"post\" data-id=\"2643\">CURSO DE EPANET<\/a><\/li>\n\n\n\n<li>10\/05\/2023 &#8211; <a href=\"https:\/\/extremaduracitopic.com\/?p=2396\" data-type=\"post\" data-id=\"2396\">JORNADA FORMATIVA. CONFEDERACI\u00d3N HIDROGR\u00c1FICA DEL GUADIANA<\/a><\/li>\n<\/ul>\n<\/li>\n\n\n\n<li class=\"has-medium-font-size\"><strong>2021<\/strong>\n<ul>\n<li>23\/12\/2021 &#8211;&nbsp;<a href=\"https:\/\/extremaduracitopic.com\/?p=1972\"><span style=\"color: inherit; font-size: 0.8em; font-weight: 600;\">CONVENIO CON IMASGAL PARA LA FORMACI\u00d3N DE EMPRESAS Y PROFESIONALES COLEGIADOS<\/span><\/a><\/li>\n\n\n\n<li>01\/03\/2021 &#8211; <a href=\"https:\/\/extremaduracitopic.com\/?p=1666\">CURSO DE INTERPRETACI\u00d3N DE REQUISITOS BIM INCLUIDOS EN LICITACIONES Y CRITERIOS PARA RESPONDERLOS. REVISI\u00d3N Y VISUALIZACI\u00d3N DEL MODELO BIM CON NAVISWORKS<\/a><\/li>\n\n\n\n<li>24\/02\/2021 &#8211; <a href=\"https:\/\/extremaduracitopic.com\/?p=1655\" rel=\"noopener noreferrer\">Jornada Sobre Metodolog\u00eda BIM<\/a><\/li>\n<\/ul>\n<\/li>\n\n\n\n<li class=\"has-medium-font-size\"><strong>2020<\/strong>\n<ul>\n<li>03\/08\/2020 &#8211; <a href=\"https:\/\/extremaduracitopic.com\/?p=1423\">OFERTA FORMATIVA PARA COLEGIADOS Y PRECOLEGIADOS. CURSOS BIM<\/a><\/li>\n<\/ul>\n<\/li>\n\n\n\n<li class=\"has-medium-font-size\"><strong>2019<\/strong>\n<ul>\n<li>09\/03\/2019 &#8211; <a href=\"http:\/\/extremaduracitopic.com\/?p=812\">Temario de Oposiciones del Ministerio de Fomento<\/a><\/li>\n<\/ul>\n<\/li>\n\n\n\n<li class=\"has-medium-font-size\"><strong>2018<\/strong>\n<ul>\n<li>15\/11\/2018 &#8211; <a href=\"http:\/\/extremaduracitopic.com\/?p=733\">Jornada&nbsp;Nuevos desarrollos y tendencias en conducciones de agua<\/a><\/li>\n\n\n\n<li>23\/05\/2018 &#8211; <a href=\"http:\/\/extremaduracitopic.com\/?p=586\">Jornada Accesibilidad en la Urbanizaci\u00f3n<\/a><\/li>\n\n\n\n<li>12\/04\/2018 &#8211; <a href=\"http:\/\/extremaduracitopic.com\/?p=524\">Visita T\u00e9cnica a la Plataforma Log\u00edstica de Badajoz<\/a><\/li>\n\n\n\n<li>*22\/03\/2018 &#8211; <a href=\"http:\/\/extremaduracitopic.com\/?p=439\">Jornadas Sika: \u201cReparaci\u00f3n y Refuerzo de Estructuras de Hormig\u00f3n bajo la UNE 1504\u201d<\/a>&nbsp;<strong>*<\/strong><\/li>\n\n\n\n<li>15\/03\/2018 &#8211; <a href=\"http:\/\/extremaduracitopic.com\/?p=469\">VI Jornadas de la Ingenier\u00eda Civil<\/a><\/li>\n\n\n\n<li>09\/02\/2018 &#8211; <a href=\"http:\/\/extremaduracitopic.com\/?p=412\">25 Aniversario Modificaci\u00f3n Ley Atribuciones<\/a><\/li>\n\n\n\n<li>24 y 25\/01\/2018 &#8211; <a href=\"http:\/\/extremaduracitopic.com\/?p=343\">IV Congreso sobre las Aplicaciones de los DRONES a la Ingenier\u00eda Civil \u00b7 CivilDRON\u201918<\/a><\/li>\n<\/ul>\n<\/li>\n\n\n\n<li class=\"has-medium-font-size\"><strong>2017<\/strong>\n<ul>\n<li>25\/10\/2017 &#8211; <a href=\"http:\/\/extremaduracitopic.com\/?p=277\">Jornadas sobre el \u00abProcedimiento para la Retirada de Amianto\u00bb<\/a><\/li>\n\n\n\n<li>31\/10\/2017 &#8211; <a href=\"http:\/\/extremaduracitopic.com\/?p=245\">Visita T\u00e9cnica al Tunel del AVE en Grimaldo<\/a><\/li>\n<\/ul>\n<\/li>\n<\/ul>\n\n\n\n<blockquote class=\"wp-block-quote\">\n<p>*.* Necesita conectarse con identificaci\u00f3n de colegiado para poder ver contenido.<\/p>\n<\/blockquote>\n","protected":false},"excerpt":{"rendered":"<p>La FORMACI\u00d3N es un factor importante para que nuestros colegiados tengan una actualizaci\u00f3n continua de sus conocimientos, y debido a la creciente importancia de las Tecnolog\u00edas de la Informaci\u00f3n y Comunicaci\u00f3n, queremos ofrecer a los colegiados este espacio donde publicaremos Cursos y Jornadas T\u00e9cnicas organizadas por nuestro Colegio para mejorar su formaci\u00f3n. Por ello, hemos [&hellip;]<\/p>\n","protected":false},"author":439,"featured_media":825,"parent":0,"menu_order":0,"comment_status":"closed","ping_status":"closed","template":"","meta":{"jetpack_post_was_ever_published":false},"jetpack_sharing_enabled":true,"jetpack_shortlink":"https:\/\/wp.me\/P9MqsF-6L","_links":{"self":[{"href":"https:\/\/extremaduracitopic.com\/index.php?rest_route=\/wp\/v2\/pages\/419"}],"collection":[{"href":"https:\/\/extremaduracitopic.com\/index.php?rest_route=\/wp\/v2\/pages"}],"about":[{"href":"https:\/\/extremaduracitopic.com\/index.php?rest_route=\/wp\/v2\/types\/page"}],"author":[{"embeddable":true,"href":"https:\/\/extremaduracitopic.com\/index.php?rest_route=\/wp\/v2\/users\/439"}],"replies":[{"embeddable":true,"href":"https:\/\/extremaduracitopic.com\/index.php?rest_route=%2Fwp%2Fv2%2Fcomments&post=419"}],"version-history":[{"count":37,"href":"https:\/\/extremaduracitopic.com\/index.php?rest_route=\/wp\/v2\/pages\/419\/revisions"}],"predecessor-version":[{"id":2755,"href":"https:\/\/extremaduracitopic.com\/index.php?rest_route=\/wp\/v2\/pages\/419\/revisions\/2755"}],"wp:featuredmedia":[{"embeddable":true,"href":"https:\/\/extremaduracitopic.com\/index.php?rest_route=\/wp\/v2\/media\/825"}],"wp:attachment":[{"href":"https:\/\/extremaduracitopic.com\/index.php?rest_route=%2Fwp%2Fv2%2Fmedia&parent=419"}],"curies":[{"name":"wp","href":"https:\/\/api.w.org\/{rel}","templated":true}]}}