{"id":42,"date":"2017-08-07T08:23:56","date_gmt":"2017-08-07T08:23:56","guid":{"rendered":"http:\/\/extremaduracitopic.com\/?page_id=42"},"modified":"2018-03-11T12:17:30","modified_gmt":"2018-03-11T12:17:30","slug":"normativa-del-colegio","status":"publish","type":"page","link":"https:\/\/extremaduracitopic.com\/?page_id=42","title":{"rendered":"Normativa del colegio"},"content":{"rendered":"<p><a href=\"http:\/\/extremaduracitopic.com\/wp-content\/uploads\/2018\/02\/aa.jpg\"><img decoding=\"async\" loading=\"lazy\" class=\"aligncenter wp-image-413 size-full\" src=\"http:\/\/extremaduracitopic.com\/wp-content\/uploads\/2018\/02\/aa.jpg\" alt=\"\" width=\"960\" height=\"640\" srcset=\"https:\/\/extremaduracitopic.com\/wp-content\/uploads\/2018\/02\/aa.jpg 960w, https:\/\/extremaduracitopic.com\/wp-content\/uploads\/2018\/02\/aa-300x200.jpg 300w, https:\/\/extremaduracitopic.com\/wp-content\/uploads\/2018\/02\/aa-768x512.jpg 768w\" sizes=\"(max-width: 960px) 100vw, 960px\" \/><\/a><\/p>\n<ul>\n<li style=\"text-align: justify;\"><a href=\"https:\/\/drive.google.com\/file\/d\/1dTT6T7kqs3xcKOn91hiWVCqdcp4uehqG\/view?usp=sharing\" target=\"_blank\" rel=\"noopener\">R.D. 140\/2001, de 16 de febrero, por el que se aprueban los Estatutos del Colegio de Ingenieros T\u00e9cnicos de Obras P\u00fablicas.<\/a><\/li>\n<li style=\"text-align: justify;\"><a href=\"https:\/\/drive.google.com\/file\/d\/1FzTOEUW4W4nJE9nCm-KnBGqngppQ227Z\/view?usp=sharing\" target=\"_blank\" rel=\"noopener\">Estatutos del Colegio de Ingenieros T\u00e9cnicos de Obras P\u00fablicas e Ingenieros Civiles, modificados por la Asamblea de Alicante de 24 de mayo de 2008, por la Asamblea de Barcelona de 29 de mayo de 2010, por la Asamblea de Madrid de 16 de junio de 2012, por la Asamblea de Guadalajara de 7 de junio de 2014 y por la Asamblea de Santander de 11 de junio de 2016.<\/a><\/li>\n<li style=\"text-align: justify;\"><a href=\"https:\/\/drive.google.com\/file\/d\/1BA391dNBYhgLC40WXSUYV3sTFo-4sXo3\/view?usp=sharing\" target=\"_blank\" rel=\"noopener\">Reglamento General del Colegio de Ingenieros T\u00e9cnicos de Obras P\u00fablicas 2016.<\/a><\/li>\n<li style=\"text-align: justify;\"><a href=\"https:\/\/drive.google.com\/file\/d\/1IImSxZgB1FRvWH2Ea8lNf9QwqJ-5nMHX\/view?usp=sharing\" target=\"_blank\" rel=\"noopener\">Informe Jur\u00eddico sobre las Atribuciones Profesionales.<\/a><\/li>\n<li style=\"text-align: justify;\"><a href=\"https:\/\/drive.google.com\/file\/d\/1VfcdF3Ts4I8wTKMRntwAfRBgaRxb5Cst\/view?usp=sharing\" target=\"_blank\" rel=\"noopener\">C\u00f3digo deontol\u00f3gico del CITOP.<\/a><\/li>\n<\/ul>\n","protected":false},"excerpt":{"rendered":"<p>R.D. 140\/2001, de 16 de febrero, por el que se aprueban los Estatutos del Colegio de Ingenieros T\u00e9cnicos de Obras P\u00fablicas. Estatutos del Colegio de Ingenieros T\u00e9cnicos de Obras P\u00fablicas e Ingenieros Civiles, modificados por la Asamblea de Alicante de 24 de mayo de 2008, por la Asamblea de Barcelona de 29 de mayo de [&hellip;]<\/p>\n","protected":false},"author":1,"featured_media":413,"parent":0,"menu_order":0,"comment_status":"closed","ping_status":"closed","template":"","meta":{"jetpack_post_was_ever_published":false},"jetpack_sharing_enabled":true,"jetpack_shortlink":"https:\/\/wp.me\/P9MqsF-G","_links":{"self":[{"href":"https:\/\/extremaduracitopic.com\/index.php?rest_route=\/wp\/v2\/pages\/42"}],"collection":[{"href":"https:\/\/extremaduracitopic.com\/index.php?rest_route=\/wp\/v2\/pages"}],"about":[{"href":"https:\/\/extremaduracitopic.com\/index.php?rest_route=\/wp\/v2\/types\/page"}],"author":[{"embeddable":true,"href":"https:\/\/extremaduracitopic.com\/index.php?rest_route=\/wp\/v2\/users\/1"}],"replies":[{"embeddable":true,"href":"https:\/\/extremaduracitopic.com\/index.php?rest_route=%2Fwp%2Fv2%2Fcomments&post=42"}],"version-history":[{"count":4,"href":"https:\/\/extremaduracitopic.com\/index.php?rest_route=\/wp\/v2\/pages\/42\/revisions"}],"predecessor-version":[{"id":485,"href":"https:\/\/extremaduracitopic.com\/index.php?rest_route=\/wp\/v2\/pages\/42\/revisions\/485"}],"wp:featuredmedia":[{"embeddable":true,"href":"https:\/\/extremaduracitopic.com\/index.php?rest_route=\/wp\/v2\/media\/413"}],"wp:attachment":[{"href":"https:\/\/extremaduracitopic.com\/index.php?rest_route=%2Fwp%2Fv2%2Fmedia&parent=42"}],"curies":[{"name":"wp","href":"https:\/\/api.w.org\/{rel}","templated":true}]}}