{"id":510,"date":"2018-03-16T16:45:04","date_gmt":"2018-03-16T16:45:04","guid":{"rendered":"http:\/\/extremaduracitopic.com\/?page_id=510"},"modified":"2022-01-18T23:37:01","modified_gmt":"2022-01-18T23:37:01","slug":"iniciar-sesion","status":"publish","type":"page","link":"https:\/\/extremaduracitopic.com\/?page_id=510","title":{"rendered":"Iniciar Sesi\u00f3n"},"content":{"rendered":"<p><a href=\"https:\/\/extremaduracitopic.com\/wp-content\/uploads\/2020\/03\/7-1-scaled.jpg\"><img decoding=\"async\" loading=\"lazy\" class=\"aligncenter size-full wp-image-1232\" src=\"https:\/\/extremaduracitopic.com\/wp-content\/uploads\/2020\/03\/7-1-scaled.jpg\" alt=\"\" width=\"2560\" height=\"1920\" srcset=\"https:\/\/extremaduracitopic.com\/wp-content\/uploads\/2020\/03\/7-1-scaled.jpg 2560w, https:\/\/extremaduracitopic.com\/wp-content\/uploads\/2020\/03\/7-1-300x225.jpg 300w, https:\/\/extremaduracitopic.com\/wp-content\/uploads\/2020\/03\/7-1-1024x768.jpg 1024w, https:\/\/extremaduracitopic.com\/wp-content\/uploads\/2020\/03\/7-1-768x576.jpg 768w, https:\/\/extremaduracitopic.com\/wp-content\/uploads\/2020\/03\/7-1-1536x1152.jpg 1536w, https:\/\/extremaduracitopic.com\/wp-content\/uploads\/2020\/03\/7-1-2048x1536.jpg 2048w\" sizes=\"(max-width: 2560px) 100vw, 2560px\" \/><\/a><\/p>\n<p>Por favor introduzca su usuario: n\u00famero de colegiado (no se debe incluir los ceros delante del n\u00famero), su contrase\u00f1a* (debe introducir 9 d\u00edgitos en el NIF. rellene con ceros por la izquierda hasta completar todos, incluyendo la letra en <b>may\u00fascula<\/b>; p. e. 00000003A), y pulse sobre el bot\u00f3n aceptar para poder acceder a la p\u00e1gina del Colegio de Ingenieros T\u00e9cnicos de Obras P\u00fablicas e Ingenieros Civiles de Extremadura.<\/p>\n","protected":false},"excerpt":{"rendered":"<p>Por favor introduzca su usuario: n\u00famero de colegiado (no se debe incluir los ceros delante del n\u00famero), su contrase\u00f1a* (debe introducir 9 d\u00edgitos en el NIF. rellene con ceros por la izquierda hasta completar todos, incluyendo la letra en may\u00fascula; p. e. 00000003A), y pulse sobre el bot\u00f3n aceptar para poder acceder a la p\u00e1gina [&hellip;]<\/p>\n","protected":false},"author":2,"featured_media":0,"parent":0,"menu_order":0,"comment_status":"closed","ping_status":"closed","template":"","meta":{"jetpack_post_was_ever_published":false},"jetpack_sharing_enabled":true,"jetpack_shortlink":"https:\/\/wp.me\/P9MqsF-8e","_links":{"self":[{"href":"https:\/\/extremaduracitopic.com\/index.php?rest_route=\/wp\/v2\/pages\/510"}],"collection":[{"href":"https:\/\/extremaduracitopic.com\/index.php?rest_route=\/wp\/v2\/pages"}],"about":[{"href":"https:\/\/extremaduracitopic.com\/index.php?rest_route=\/wp\/v2\/types\/page"}],"author":[{"embeddable":true,"href":"https:\/\/extremaduracitopic.com\/index.php?rest_route=\/wp\/v2\/users\/2"}],"replies":[{"embeddable":true,"href":"https:\/\/extremaduracitopic.com\/index.php?rest_route=%2Fwp%2Fv2%2Fcomments&post=510"}],"version-history":[{"count":3,"href":"https:\/\/extremaduracitopic.com\/index.php?rest_route=\/wp\/v2\/pages\/510\/revisions"}],"predecessor-version":[{"id":2005,"href":"https:\/\/extremaduracitopic.com\/index.php?rest_route=\/wp\/v2\/pages\/510\/revisions\/2005"}],"wp:attachment":[{"href":"https:\/\/extremaduracitopic.com\/index.php?rest_route=%2Fwp%2Fv2%2Fmedia&parent=510"}],"curies":[{"name":"wp","href":"https:\/\/api.w.org\/{rel}","templated":true}]}}