{"id":56,"date":"2017-08-07T08:28:07","date_gmt":"2017-08-07T08:28:07","guid":{"rendered":"http:\/\/extremaduracitopic.com\/?page_id=56"},"modified":"2021-03-18T10:14:15","modified_gmt":"2021-03-18T10:14:15","slug":"cogeliacion-y-precogeliacion","status":"publish","type":"page","link":"https:\/\/extremaduracitopic.com\/?page_id=56","title":{"rendered":"Colegiaci\u00f3n y precolegiaci\u00f3n"},"content":{"rendered":"<div>\n<p style=\"text-align: center;\"><a href=\"https:\/\/ingenieros-civiles.es\/colegio\/colegio.php?id=22\" target=\"_blank\" rel=\"noopener noreferrer\"><img decoding=\"async\" loading=\"lazy\" class=\"alignnone size-full wp-image-166\" src=\"http:\/\/extremaduracitopic.com\/wp-content\/uploads\/2017\/08\/colegiaci\u00f3n_on_line.jpg\" alt=\"\" width=\"693\" height=\"474\" srcset=\"https:\/\/extremaduracitopic.com\/wp-content\/uploads\/2017\/08\/colegiaci\u00f3n_on_line.jpg 693w, https:\/\/extremaduracitopic.com\/wp-content\/uploads\/2017\/08\/colegiaci\u00f3n_on_line-300x205.jpg 300w\" sizes=\"(max-width: 693px) 100vw, 693px\" \/><\/a><\/p>\n<p><iframe loading=\"lazy\" src=\"https:\/\/www.youtube-nocookie.com\/embed\/dhVUxvo3G34?controls=0\" width=\"560\" height=\"315\" frameborder=\"0\" allowfullscreen=\"allowfullscreen\"><\/iframe><\/p>\n<p style=\"text-align: justify;\"><strong>\u00bfQu\u00e9 necesito \u00a0para colegiarme?<\/strong><\/p>\n<\/div>\n<p style=\"text-align: justify;\"><strong>Requisitos para darse de alta como colegiado:<\/strong><\/p>\n<ul style=\"text-align: justify;\">\n<li>Haber\u00a0<strong>aprobado el Proyecto Fin de Carrera.<\/strong><\/li>\n<li>Presentar original o fotocopia compulsada del\u00a0<strong>resguardo del t\u00edtulo o certificado de haber aprobado el Proyecto Fin de Carrera.<\/strong><\/li>\n<li>Una\u00a0<strong>fotograf\u00eda tama\u00f1o carn\u00e9<\/strong>\u00a0con fondo blanco, no se admitir\u00e1n fotograf\u00edas de otro tipo.<\/li>\n<li>Rellenar\u00a0<a href=\"https:\/\/extremaduracitopic.com\/wp-content\/uploads\/2019\/06\/DatosBancarios.pdf\" target=\"_blank\" rel=\"noopener noreferrer\"><strong>hoja bancaria<\/strong><\/a> aunque se est\u00e9 en desempleo.<\/li>\n<li>Presentar fotocopia de la demanda de empleo si se est\u00e1 en desempleo.<\/li>\n<li>Rellenar\u00a0<strong><a href=\"https:\/\/citop.es\/colegio\/archivos\/Fichalta2018.pdf\" target=\"_blank\" rel=\"noopener noreferrer\">hoja de alta como colegiado<\/a>\u00a0<\/strong>con letras may\u00fascula.<\/li>\n<li>Fotocopia del DNI.<\/li>\n<\/ul>\n<p style=\"text-align: justify;\">Si es un t\u00edtulo homologado al espa\u00f1ol, presentar fotocopia del Certificado de Homologaci\u00f3n expedido por el Ministerio de Educaci\u00f3n, Cultura y Deporte. Adjuntar tambi\u00e9n fotocopia del Plan de Estudios, fotocopia del T\u00edtulo o en su defecto, listado de las notas del curso donde venga reflejado a\u00f1o de terminaci\u00f3n de la carrera. Todo ello compulsado o cotejado con original en la Sede del CITOPIC.<\/p>\n<p style=\"text-align: justify;\">Toda esta documentaci\u00f3n se deber\u00e1 presentar en la\u00a0<strong><a href=\"http:\/\/extremaduracitopic.com\/?page_id=77\">Sede del CITOPIC<\/a><\/strong>\u00a0 por residir o trabajar en Extremadura.<\/p>\n<div style=\"text-align: justify;\">\n<p><strong>\u00bfQu\u00e9 necesito \u00a0para precolegiarme?<\/strong><\/p>\n<\/div>\n<p style=\"text-align: justify;\"><strong>Requisitos para darse de alta como precolegiado:<\/strong><\/p>\n<ul style=\"text-align: justify;\">\n<li>Podr\u00e1n acceder a la condici\u00f3n de precolegiado todos aquellos estudiantes de Ingenier\u00eda Civil que lo soliciten y hayan superado un m\u00ednimo del 50% de los cr\u00e9ditos de acuerdo con los planes de estudios vigentes.<\/li>\n<li><strong>Certificaci\u00f3n o documento oficial de la Escuela, donde se haga constar las asignaturas aprobadas, indicando el curso al que pertenecen y el n\u00famero de cr\u00e9ditos de cada una de ellas.<\/strong><\/li>\n<li>Una\u00a0<strong>fotograf\u00eda tama\u00f1o carn\u00e9\u00a0<\/strong>con fondo blanco, no se admitir\u00e1n fotograf\u00edas de otro tipo.<\/li>\n<li>Rellenar\u00a0<a href=\"https:\/\/citop.es\/colegio\/archivos\/fichapreco.pdf\" target=\"_blank\" rel=\"noopener noreferrer\"><strong>hoja de alta como precolegiado<\/strong><\/a>\u00a0con letras may\u00fasculas.<\/li>\n<li>Fotocopia del\u00a0<strong>DNI<\/strong><\/li>\n<\/ul>\n<p style=\"text-align: justify;\">Si es un t\u00edtulo homologado al espa\u00f1ol, presentar fotocopia del Certificado de Homologaci\u00f3n expedido por el Ministerio de Educaci\u00f3n, Cultura y Deporte. Adjuntar tambi\u00e9n fotocopia del Plan de Estudios, fotocopia del T\u00edtulo o en su defecto, listado de las notas del curso donde venga reflejado a\u00f1o de terminaci\u00f3n de la carrera. Todo ello compulsado o cotejado con original en la Sede del CITOPIC.<\/p>\n<p style=\"text-align: justify;\">Toda esta documentaci\u00f3n se deber\u00e1 presentar en la\u00a0<strong><a href=\"http:\/\/extremaduracitopic.com\/contacto\">Sede del CITOPIC<\/a><\/strong>\u00a0\u00a0<a href=\"file:\/\/\/Z:\/B2B%20WEB\/CLIENTES\/CITOPIC\/Colegiaci%C3%B3n%20y%20Precolegiaci%C3%B3n%20.docx#_msocom_6\" name=\"_msoanchor_6\"><\/a>por residir o trabajar en Extremadura.<\/p>\n<div style=\"text-align: justify;\">\n<p><strong>Informaci\u00f3n sobre cuotas colegiales<\/strong><\/p>\n<\/div>\n<p style=\"text-align: justify;\"><strong>Alta como colegiado.<\/strong><\/p>\n<p style=\"text-align: justify;\">Si el alta como colegiado se produce en el primer a\u00f1o de la finalizaci\u00f3n de carrera, el colegiado tendr\u00e1 derecho a una reducci\u00f3n del 50% de las cuotas colegiales en el caso de estar en activo y ejerciendo la profesi\u00f3n. En caso de desempleo y siempre que lo justifique debidamente, estar\u00e1 exento del pago de cuotas.<\/p>\n<p style=\"text-align: justify;\"><strong>Colegiados en situaci\u00f3n de paro<\/strong><\/p>\n<ul style=\"text-align: justify;\">\n<li>Los colegiados en desempleo no abonar\u00e1n la cuota mientras dure su situaci\u00f3n, justific\u00e1ndola cada tres meses con tarjeta del paro, y presentado vida laboral anualmente.<\/li>\n<li>Los colegiados en desempleo que no justifiquen su situaci\u00f3n en dos trimestres seguidos se le pasar\u00e1 el recibo de cuota. Si justificase situaci\u00f3n de parado dentro de los tres meses posteriores se devuelve el recibo cobr\u00e1ndole el gasto de devoluci\u00f3n.<\/li>\n<li>Se anula la cuota a colegiados por desempleo a partir del trimestre siguiente al de la fecha decomunicaci\u00f3n de su situaci\u00f3n al colegio, sin devoluci\u00f3n de cuotas anteriores.<\/li>\n<\/ul>\n<p style=\"text-align: justify;\"><strong>Colegiados Vitalicios (Jubilados)<\/strong><\/p>\n<ul style=\"text-align: justify;\">\n<li>No pagan las cuotas los colegiados jubilados, que lo acrediten con informe de la seguridad social.<\/li>\n<li>Se anula la cuota a colegiados jubilados a partir del trimestre siguiente al de la fecha de comunicaci\u00f3n de su situaci\u00f3n al colegio, sin devoluci\u00f3n de cuotas anteriores.<\/li>\n<li>Si la colegiaci\u00f3n es solicitada por un ingeniero mayor de 60 a\u00f1os deber\u00e1 indicar por escrito las razones de no haberse colegiado antes y la junta de gobierno del consejo decidir\u00e1 sobre el abono de la cuota de inscripci\u00f3n colegial a aplicar. No ser\u00e1 mayor del equivalente a cinco a\u00f1os completos.<\/li>\n<\/ul>\n<p style=\"text-align: justify;\"><strong>Colegiados en situaci\u00f3n de no ejercientes<\/strong><\/p>\n<ul style=\"text-align: justify;\">\n<li>Un colegiado puede presentar solicitud por escrito para declararse <a href=\"https:\/\/citop.es\/colegio\/pdf\/CS2-SOLICITUD_BAJA_COLEGIACION.pdf\">no ejerciente<\/a><b>,\u00a0<\/b>acompa\u00f1ada de vida laboral actualizada y cabecera de la n\u00f3mina, siempre que en dichos documentos figure que se dedica a labores no inherentes a la profesi\u00f3n de ingeniero t\u00e9cnico de obras p\u00fablicas. Dicha solicitud ser\u00e1 aprobada o no por la junta de gobierno del consejo.<\/li>\n<li>Un colegiado declarado no ejerciente deber\u00e1 pagar una cuota de 10 \u20ac al trimestre y podr\u00e1 beneficiarse de los siguientes servicios colegiales (seguros, descuentos, cursos, web colegial, actividades,..) siempre que demuestre la continuidad de su situaci\u00f3n anualmente con los mismos documentos del punto anterior.<\/li>\n<li>Un colegiado no ejerciente que no justifique la continuaci\u00f3n de su situaci\u00f3n en el a\u00f1o, se le mandar\u00e1 aviso al correo electr\u00f3nico o direcci\u00f3n postal que se tenga de \u00e9l en las bases de datos del colegio para su justificaci\u00f3n y si no aporta la documentaci\u00f3n en un mes se le considera colegiado ejerciente a efectos de cuota.<\/li>\n<li>Se anula la cuota ordinaria y actualiza la de no ejerciente a colegiados declarados no ejercientes a partir del trimestre siguiente al de la resoluci\u00f3n de aceptaci\u00f3n por parte de la junta de gobierno del consejo de su situaci\u00f3n, sin devoluci\u00f3n de cuotas anteriores.<\/li>\n<\/ul>\n<p style=\"text-align: justify;\"><strong>Colegiados Expatriados<\/strong><\/p>\n<ul>\n<li style=\"text-align: justify;\">Acuerdo Consejo 9 de noviembre de 2013: \u201cAprobar la creaci\u00f3n de una cuota de 20 euros para aquellos colegiados que tengan ejerzan su actividad fuera del pa\u00eds (no como desplazados)\u201d. Hay que pedir un justificante de la empresa y una declaraci\u00f3n por parte del Colegiado como que la actividad la ejerce como No Desplazado o bien la tarjeta de residencia en el pa\u00eds correspondiente y copia de haberse colegiado o inscrito en Asociaci\u00f3n o Colegio correspondiente del pa\u00eds.<\/li>\n<\/ul>\n","protected":false},"excerpt":{"rendered":"<p>\u00bfQu\u00e9 necesito \u00a0para colegiarme? Requisitos para darse de alta como colegiado: Haber\u00a0aprobado el Proyecto Fin de Carrera. Presentar original o fotocopia compulsada del\u00a0resguardo del t\u00edtulo o certificado de haber aprobado el Proyecto Fin de Carrera. Una\u00a0fotograf\u00eda tama\u00f1o carn\u00e9\u00a0con fondo blanco, no se admitir\u00e1n fotograf\u00edas de otro tipo. Rellenar\u00a0hoja bancaria aunque se est\u00e9 en desempleo. Presentar [&hellip;]<\/p>\n","protected":false},"author":1,"featured_media":166,"parent":0,"menu_order":0,"comment_status":"closed","ping_status":"closed","template":"","meta":{"jetpack_post_was_ever_published":false},"jetpack_sharing_enabled":true,"jetpack_shortlink":"https:\/\/wp.me\/P9MqsF-U","_links":{"self":[{"href":"https:\/\/extremaduracitopic.com\/index.php?rest_route=\/wp\/v2\/pages\/56"}],"collection":[{"href":"https:\/\/extremaduracitopic.com\/index.php?rest_route=\/wp\/v2\/pages"}],"about":[{"href":"https:\/\/extremaduracitopic.com\/index.php?rest_route=\/wp\/v2\/types\/page"}],"author":[{"embeddable":true,"href":"https:\/\/extremaduracitopic.com\/index.php?rest_route=\/wp\/v2\/users\/1"}],"replies":[{"embeddable":true,"href":"https:\/\/extremaduracitopic.com\/index.php?rest_route=%2Fwp%2Fv2%2Fcomments&post=56"}],"version-history":[{"count":19,"href":"https:\/\/extremaduracitopic.com\/index.php?rest_route=\/wp\/v2\/pages\/56\/revisions"}],"predecessor-version":[{"id":1690,"href":"https:\/\/extremaduracitopic.com\/index.php?rest_route=\/wp\/v2\/pages\/56\/revisions\/1690"}],"wp:featuredmedia":[{"embeddable":true,"href":"https:\/\/extremaduracitopic.com\/index.php?rest_route=\/wp\/v2\/media\/166"}],"wp:attachment":[{"href":"https:\/\/extremaduracitopic.com\/index.php?rest_route=%2Fwp%2Fv2%2Fmedia&parent=56"}],"curies":[{"name":"wp","href":"https:\/\/api.w.org\/{rel}","templated":true}]}}