{"id":61,"date":"2017-08-07T08:29:57","date_gmt":"2017-08-07T08:29:57","guid":{"rendered":"http:\/\/extremaduracitopic.com\/?page_id=61"},"modified":"2020-12-16T10:24:49","modified_gmt":"2020-12-16T10:24:49","slug":"aparatos-de-medicion","status":"publish","type":"page","link":"https:\/\/extremaduracitopic.com\/?page_id=61","title":{"rendered":"Equipos de medici\u00f3n"},"content":{"rendered":"<p><strong>CONVENIO CON SERVITOPO<\/strong><\/p>\n<table style=\"width: 812px;\">\n<tbody>\n<tr>\n<td style=\"width: 162.233px;\"><a href=\"https:\/\/extremaduracitopic.com\/wp-content\/uploads\/2020\/12\/LOGO-SERVITOPO.jpg\"><img decoding=\"async\" loading=\"lazy\" class=\"aligncenter size-full wp-image-1578\" src=\"https:\/\/extremaduracitopic.com\/wp-content\/uploads\/2020\/12\/LOGO-SERVITOPO.jpg\" alt=\"\" width=\"200\" height=\"200\" srcset=\"https:\/\/extremaduracitopic.com\/wp-content\/uploads\/2020\/12\/LOGO-SERVITOPO.jpg 200w, https:\/\/extremaduracitopic.com\/wp-content\/uploads\/2020\/12\/LOGO-SERVITOPO-150x150.jpg 150w\" sizes=\"(max-width: 200px) 100vw, 200px\" \/><\/a><\/td>\n<td style=\"width: 641.767px;\">\n<div style=\"text-align: justify;\">\u00a0Nuestro Colegio ha llegado a un acuerdo con la empresa Servitopo para el alquiler de sus equipos de topograf\u00eda. Esta empresa dispone de una amplia gama de equipos de las mejores marcas entre los que se incluyen niveles, estaciones totales, estaciones GPS, ect.<\/div>\n<\/td>\n<\/tr>\n<\/tbody>\n<\/table>\n<p><a href=\"https:\/\/extremaduracitopic.com\/wp-content\/uploads\/2020\/12\/TARIFAS_alquiler_Colegio_Ingenieros-T\u00e9cnicos-de-Obras-P\u00fablicas-Extremadura.pdf\" target=\"_blank\" rel=\"noopener noreferrer\">TARIFAS DE ALQUILER<\/a><\/p>\n<p>Para disfrutar de estas tarifas deb\u00e9is poneros en contacto con nuestro Colegio en donde os indicar\u00e1n c\u00f3mo proceder:<\/p>\n<p>Email: <strong><span id=\"cloak17789\"><a href=\"mailto:extremadura@citop.es\">extremadura@citop.es<\/a><\/span><\/strong><\/p>\n<p>Tel\u00e9fono: <strong>927 217 714<\/strong><\/p>\n<p><strong>CITOPIC EXTREMADURA<\/strong><\/p>\n<p>En el CITOPIC EXTREMADURA tenemos adem\u00e1s\u00a0a disposici\u00f3n del colegiado, aparatos de medici\u00f3n para aqu\u00e9llos que requieran de sus servicios.<\/p>\n<p>Podr\u00e1n hacer uso de los mismos cualquier colegiado de n\u00famero que re\u00fana los requisitos legales exigidos para el ejercicio de la profesi\u00f3n, as\u00ed como estar incorporados al CITOPIC EXTREMADURA y estar al corriente de pago.<\/p>\n<p>Para poder solicitarlo, ponte en contacto con la Sede, o bien por <strong><a href=\"http:\/\/extremaduracitopic.com\/?page_id=77\">tel\u00e9fono<\/a> <\/strong>o bien por <strong><a href=\"mailto:extremadura@citop.es\">correo electr\u00f3nico<\/a><\/strong>, antes de ir a recogerlos.<\/p>\n","protected":false},"excerpt":{"rendered":"<p>CONVENIO CON SERVITOPO \u00a0Nuestro Colegio ha llegado a un acuerdo con la empresa Servitopo para el alquiler de sus equipos de topograf\u00eda. Esta empresa dispone de una amplia gama de equipos de las mejores marcas entre los que se incluyen niveles, estaciones totales, estaciones GPS, ect. TARIFAS DE ALQUILER Para disfrutar de estas tarifas deb\u00e9is [&hellip;]<\/p>\n","protected":false},"author":1,"featured_media":0,"parent":0,"menu_order":0,"comment_status":"closed","ping_status":"closed","template":"","meta":{"jetpack_post_was_ever_published":false},"jetpack_sharing_enabled":true,"jetpack_shortlink":"https:\/\/wp.me\/P9MqsF-Z","_links":{"self":[{"href":"https:\/\/extremaduracitopic.com\/index.php?rest_route=\/wp\/v2\/pages\/61"}],"collection":[{"href":"https:\/\/extremaduracitopic.com\/index.php?rest_route=\/wp\/v2\/pages"}],"about":[{"href":"https:\/\/extremaduracitopic.com\/index.php?rest_route=\/wp\/v2\/types\/page"}],"author":[{"embeddable":true,"href":"https:\/\/extremaduracitopic.com\/index.php?rest_route=\/wp\/v2\/users\/1"}],"replies":[{"embeddable":true,"href":"https:\/\/extremaduracitopic.com\/index.php?rest_route=%2Fwp%2Fv2%2Fcomments&post=61"}],"version-history":[{"count":11,"href":"https:\/\/extremaduracitopic.com\/index.php?rest_route=\/wp\/v2\/pages\/61\/revisions"}],"predecessor-version":[{"id":1583,"href":"https:\/\/extremaduracitopic.com\/index.php?rest_route=\/wp\/v2\/pages\/61\/revisions\/1583"}],"wp:attachment":[{"href":"https:\/\/extremaduracitopic.com\/index.php?rest_route=%2Fwp%2Fv2%2Fmedia&parent=61"}],"curies":[{"name":"wp","href":"https:\/\/api.w.org\/{rel}","templated":true}]}}