{"id":63,"date":"2017-08-07T08:31:30","date_gmt":"2017-08-07T08:31:30","guid":{"rendered":"http:\/\/extremaduracitopic.com\/?page_id=63"},"modified":"2017-10-22T11:34:12","modified_gmt":"2017-10-22T11:34:12","slug":"licitaciones","status":"publish","type":"page","link":"https:\/\/extremaduracitopic.com\/?page_id=63","title":{"rendered":"Licitaciones"},"content":{"rendered":"<p>Desde aqu\u00ed podr\u00e1 acceder a las diferentes plataformas electr\u00f3nicas de licitaciones:<\/p>\n<p style=\"text-align: center;\">(Pincha en las im\u00e1genes)<\/p>\n<table class=\" aligncenter\" style=\"height: 650px; width: 680px;\">\n<tbody>\n<tr>\n<td style=\"width: 372px;\">\n<p style=\"text-align: left;\"><a href=\"https:\/\/contrataciondelestado.es\/\" target=\"_blank\" rel=\"noopener\"><img decoding=\"async\" loading=\"lazy\" class=\"alignnone wp-image-301 size-full\" src=\"http:\/\/extremaduracitopic.com\/wp-content\/uploads\/2017\/08\/Logotipo_del_Gobierno_de_Espa\u00f1a.png\" alt=\"\" width=\"2000\" height=\"965\" srcset=\"https:\/\/extremaduracitopic.com\/wp-content\/uploads\/2017\/08\/Logotipo_del_Gobierno_de_Espa\u00f1a.png 2000w, https:\/\/extremaduracitopic.com\/wp-content\/uploads\/2017\/08\/Logotipo_del_Gobierno_de_Espa\u00f1a-300x145.png 300w, https:\/\/extremaduracitopic.com\/wp-content\/uploads\/2017\/08\/Logotipo_del_Gobierno_de_Espa\u00f1a-768x371.png 768w, https:\/\/extremaduracitopic.com\/wp-content\/uploads\/2017\/08\/Logotipo_del_Gobierno_de_Espa\u00f1a-1024x494.png 1024w\" sizes=\"(max-width: 2000px) 100vw, 2000px\" \/><\/a><\/p>\n<\/td>\n<td style=\"width: 295.2px;\">Gobierno de Espa\u00f1a<\/td>\n<\/tr>\n<tr>\n<td style=\"width: 372px;\">\n<p style=\"text-align: left;\"><a href=\"https:\/\/contratacion.gobex.es\/\" target=\"_blank\" rel=\"noopener\"><img decoding=\"async\" loading=\"lazy\" class=\"alignnone wp-image-297\" src=\"http:\/\/extremaduracitopic.com\/wp-content\/uploads\/2017\/08\/junta-extremadura.png\" alt=\"\" width=\"335\" height=\"151\" \/><\/a><\/p>\n<\/td>\n<td style=\"width: 295.2px;\">Junta de Extremadura<\/td>\n<\/tr>\n<tr>\n<td style=\"width: 372px;\"><a href=\"http:\/\/www.dip-caceres.es\/servicios\/perfil-de-contratante\/obras\/ultima-hora.html\" target=\"_blank\" rel=\"noopener\"><img decoding=\"async\" loading=\"lazy\" class=\"alignnone wp-image-296\" src=\"http:\/\/extremaduracitopic.com\/wp-content\/uploads\/2017\/08\/diputaci\u00f3n-c\u00e1ceres.jpg\" alt=\"\" width=\"335\" height=\"104\" srcset=\"https:\/\/extremaduracitopic.com\/wp-content\/uploads\/2017\/08\/diputaci\u00f3n-c\u00e1ceres.jpg 1600w, https:\/\/extremaduracitopic.com\/wp-content\/uploads\/2017\/08\/diputaci\u00f3n-c\u00e1ceres-300x93.jpg 300w, https:\/\/extremaduracitopic.com\/wp-content\/uploads\/2017\/08\/diputaci\u00f3n-c\u00e1ceres-768x238.jpg 768w, https:\/\/extremaduracitopic.com\/wp-content\/uploads\/2017\/08\/diputaci\u00f3n-c\u00e1ceres-1024x317.jpg 1024w\" sizes=\"(max-width: 335px) 100vw, 335px\" \/><\/a><\/td>\n<td style=\"width: 295.2px;\">\u00a0Diputaci\u00f3n de C\u00e1ceres<\/td>\n<\/tr>\n<tr>\n<td style=\"width: 372px;\"><a href=\"http:\/\/licitacion.dip-badajoz.es\/licitacion\/UltimosExpte.do\" target=\"_blank\" rel=\"noopener\"><img decoding=\"async\" loading=\"lazy\" class=\"alignnone wp-image-298\" src=\"http:\/\/extremaduracitopic.com\/wp-content\/uploads\/2017\/08\/diputaci\u00f3n-badajoz.png\" alt=\"\" width=\"335\" height=\"106\" srcset=\"https:\/\/extremaduracitopic.com\/wp-content\/uploads\/2017\/08\/diputaci\u00f3n-badajoz.png 2242w, https:\/\/extremaduracitopic.com\/wp-content\/uploads\/2017\/08\/diputaci\u00f3n-badajoz-300x95.png 300w, https:\/\/extremaduracitopic.com\/wp-content\/uploads\/2017\/08\/diputaci\u00f3n-badajoz-768x243.png 768w, https:\/\/extremaduracitopic.com\/wp-content\/uploads\/2017\/08\/diputaci\u00f3n-badajoz-1024x324.png 1024w\" sizes=\"(max-width: 335px) 100vw, 335px\" \/><\/a><\/td>\n<td style=\"width: 295.2px;\">Diputaci\u00f3n de Badajoz<\/td>\n<\/tr>\n<\/tbody>\n<\/table>\n","protected":false},"excerpt":{"rendered":"<p>Desde aqu\u00ed podr\u00e1 acceder a las diferentes plataformas electr\u00f3nicas de licitaciones: (Pincha en las im\u00e1genes) Gobierno de Espa\u00f1a Junta de Extremadura \u00a0Diputaci\u00f3n de C\u00e1ceres Diputaci\u00f3n de Badajoz<\/p>\n","protected":false},"author":1,"featured_media":0,"parent":0,"menu_order":0,"comment_status":"closed","ping_status":"closed","template":"","meta":{"jetpack_post_was_ever_published":false},"jetpack_sharing_enabled":true,"jetpack_shortlink":"https:\/\/wp.me\/P9MqsF-11","_links":{"self":[{"href":"https:\/\/extremaduracitopic.com\/index.php?rest_route=\/wp\/v2\/pages\/63"}],"collection":[{"href":"https:\/\/extremaduracitopic.com\/index.php?rest_route=\/wp\/v2\/pages"}],"about":[{"href":"https:\/\/extremaduracitopic.com\/index.php?rest_route=\/wp\/v2\/types\/page"}],"author":[{"embeddable":true,"href":"https:\/\/extremaduracitopic.com\/index.php?rest_route=\/wp\/v2\/users\/1"}],"replies":[{"embeddable":true,"href":"https:\/\/extremaduracitopic.com\/index.php?rest_route=%2Fwp%2Fv2%2Fcomments&post=63"}],"version-history":[{"count":8,"href":"https:\/\/extremaduracitopic.com\/index.php?rest_route=\/wp\/v2\/pages\/63\/revisions"}],"predecessor-version":[{"id":309,"href":"https:\/\/extremaduracitopic.com\/index.php?rest_route=\/wp\/v2\/pages\/63\/revisions\/309"}],"wp:attachment":[{"href":"https:\/\/extremaduracitopic.com\/index.php?rest_route=%2Fwp%2Fv2%2Fmedia&parent=63"}],"curies":[{"name":"wp","href":"https:\/\/api.w.org\/{rel}","templated":true}]}}