{"id":67,"date":"2017-08-07T08:32:18","date_gmt":"2017-08-07T08:32:18","guid":{"rendered":"http:\/\/extremaduracitopic.com\/?page_id=67"},"modified":"2018-10-30T17:13:33","modified_gmt":"2018-10-30T17:13:33","slug":"normativa-tecnica","status":"publish","type":"page","link":"https:\/\/extremaduracitopic.com\/?page_id=67","title":{"rendered":"Normativa t\u00e9cnica"},"content":{"rendered":"<p>Aqu\u00ed encontrar\u00e1s diversas normativas que le ser\u00e1n de utilidad:<\/p>\n<ul>\n<li><span style=\"font-size: 12.0pt; color: black;\">Normativa t\u00e9cnica de Carreteras de Fomento: <a href=\"https:\/\/www.fomento.gob.es\/carreteras\/normativa-tecnica\">https:\/\/www.fomento.gob.es\/carreteras\/normativa-tecnica<\/a><\/span><\/li>\n<li class=\"itemFullText\"><span style=\"font-size: 12.0pt; color: black;\">Normativa t\u00e9cnica del sector ferroviario de Fomento: <a href=\"https:\/\/www.fomento.gob.es\/ferrocarriles\/normativa\/normativa-tecnica\">https:\/\/www.fomento.gob.es\/ferrocarriles\/normativa\/normativa-tecnica<\/a><\/span><\/li>\n<li class=\"itemFullText\"><span style=\"font-size: 12.0pt; color: black;\">Noramtiva Transporte terrestre: <a href=\"https:\/\/www.fomento.gob.es\/transporte-terrestre\/normativa\">https:\/\/www.fomento.gob.es\/transporte-terrestre\/normativa<\/a><\/span><\/li>\n<li class=\"itemFullText\"><span style=\"font-size: 12.0pt; color: black;\">Normativa t\u00e9cncia Vivienda: <a href=\"https:\/\/www.fomento.gob.es\/arquitectura-vivienda-y-suelo\/normativ\">https:\/\/www.fomento.gob.es\/arquitectura-vivienda-y-suelo\/normativa<\/a><\/span><\/li>\n<li class=\"itemFullText\"><span style=\"font-size: 12.0pt; color: black;\">Normativa Instituto Geogr\u00e1fico Nacional: <a href=\"http:\/\/www.ign.es\/web\/ign\/portal\/qsm-marco-normativo\">http:\/\/www.ign.es\/web\/ign\/portal\/qsm-marco-normativo<\/a><\/span><\/li>\n<li class=\"itemFullText\"><span style=\"font-size: 12.0pt; color: black;\">Sistema de Informaci\u00f3n Territorial: <a href=\"http:\/\/sitex.gobex.es\/SITEX\/\">http:\/\/sitex.gobex.es\/SITEX\/#<\/a><\/span><\/li>\n<li class=\"itemFullText\"><a style=\"font-family: Consolas, Monaco, monospace;\" title=\"GOBEX. Seguridad y Salud en el trabajo\" href=\"https:\/\/ciudadano.gobex.es\/web\/seguridad-y-salud-en-el-trabajo\" target=\"_blank\" rel=\"noopener\">GOBEX. Seguridad y Salud en el trabajo<\/a><\/li>\n<li class=\"itemFullText\"><a style=\"font-family: Consolas, Monaco, monospace; text-align: justify;\" href=\"https:\/\/www.boe.es\/buscar\/pdf\/2017\/BOE-A-2017-12902-consolidado.pdf\" target=\"_blank\" rel=\"noopener\">Ley 9\/2017, de 8 de noviembre, de Contratos del Sector P\u00fablico, por la que se transponen al ordenamiento jur\u00eddico espa\u00f1ol las Directivas del Parlamento Europeo y del Consejo 2014\/23\/UE y 2014\/24\/UE, de 26 de febrero de 2014.<\/a><\/li>\n<li class=\"itemFullText\"><a style=\"font-family: Consolas, Monaco, monospace;\" title=\"EHE 08 versi\u00f3n en castellano,CPH - Comisi\u00f3n Permanente del Hormig\u00f3n\" href=\"http:\/\/www.fomento.gob.es\/MFOM\/LANG_CASTELLANO\/ORGANOS_COLEGIADOS\/MASORGANOS\/CPH\/instrucciones\/EHE_es\/\" target=\"_blank\" rel=\"noopener\">EHE 08 versi\u00f3n en castellano,CPH &#8211; Comisi\u00f3n Permanente del Hormig\u00f3n<\/a><\/li>\n<li class=\"itemFullText\"><a style=\"font-family: Consolas, Monaco, monospace;\" title=\"Ley 31\/1995, de 8 de noviembre, de prevenci\u00f3n de Riesgos Laborales\" href=\"https:\/\/www.boe.es\/buscar\/pdf\/1995\/BOE-A-1995-24292-consolidado.pdf\" target=\"_blank\" rel=\"noopener\">Ley 31\/1995, de 8 de noviembre, de prevenci\u00f3n de Riesgos Laborales<\/a><\/li>\n<li class=\"itemFullText\"><a style=\"font-family: Consolas, Monaco, monospace;\" title=\"C\u00f3digo de Edificaci\u00f3n (Fomento)\" href=\"http:\/\/www.fomento.gob.es\/MFOM\/LANG_CASTELLANO\/DIRECCIONES_GENERALES\/ARQ_VIVIENDA\/_INFORMACION\/NORMATIVA\/CodigoEdificacion.htm\" target=\"_blank\" rel=\"noopener\">C\u00f3digo de Edificaci\u00f3n (Fomento)<\/a><\/li>\n<li class=\"itemFullText\"><a style=\"font-family: Consolas, Monaco, monospace;\" title=\"Legislaci\u00f3n de Evaluaci\u00f3n Ambiental\" href=\"http:\/\/www.magrama.gob.es\/es\/calidad-y-evaluacion-ambiental\/temas\/evaluacion-ambiental\/legislacion\/\" target=\"_blank\" rel=\"noopener\">Legislaci\u00f3n de Evaluaci\u00f3n Ambiental<\/a><\/li>\n<\/ul>\n","protected":false},"excerpt":{"rendered":"<p>Aqu\u00ed encontrar\u00e1s diversas normativas que le ser\u00e1n de utilidad: Normativa t\u00e9cnica de Carreteras de Fomento: https:\/\/www.fomento.gob.es\/carreteras\/normativa-tecnica Normativa t\u00e9cnica del sector ferroviario de Fomento: https:\/\/www.fomento.gob.es\/ferrocarriles\/normativa\/normativa-tecnica Noramtiva Transporte terrestre: https:\/\/www.fomento.gob.es\/transporte-terrestre\/normativa Normativa t\u00e9cncia Vivienda: https:\/\/www.fomento.gob.es\/arquitectura-vivienda-y-suelo\/normativa Normativa Instituto Geogr\u00e1fico Nacional: http:\/\/www.ign.es\/web\/ign\/portal\/qsm-marco-normativo Sistema de Informaci\u00f3n Territorial: http:\/\/sitex.gobex.es\/SITEX\/# GOBEX. Seguridad y Salud en el trabajo Ley 9\/2017, de 8 de noviembre, [&hellip;]<\/p>\n","protected":false},"author":1,"featured_media":0,"parent":0,"menu_order":0,"comment_status":"closed","ping_status":"closed","template":"","meta":{"jetpack_post_was_ever_published":false},"jetpack_sharing_enabled":true,"jetpack_shortlink":"https:\/\/wp.me\/P9MqsF-15","_links":{"self":[{"href":"https:\/\/extremaduracitopic.com\/index.php?rest_route=\/wp\/v2\/pages\/67"}],"collection":[{"href":"https:\/\/extremaduracitopic.com\/index.php?rest_route=\/wp\/v2\/pages"}],"about":[{"href":"https:\/\/extremaduracitopic.com\/index.php?rest_route=\/wp\/v2\/types\/page"}],"author":[{"embeddable":true,"href":"https:\/\/extremaduracitopic.com\/index.php?rest_route=\/wp\/v2\/users\/1"}],"replies":[{"embeddable":true,"href":"https:\/\/extremaduracitopic.com\/index.php?rest_route=%2Fwp%2Fv2%2Fcomments&post=67"}],"version-history":[{"count":4,"href":"https:\/\/extremaduracitopic.com\/index.php?rest_route=\/wp\/v2\/pages\/67\/revisions"}],"predecessor-version":[{"id":732,"href":"https:\/\/extremaduracitopic.com\/index.php?rest_route=\/wp\/v2\/pages\/67\/revisions\/732"}],"wp:attachment":[{"href":"https:\/\/extremaduracitopic.com\/index.php?rest_route=%2Fwp%2Fv2%2Fmedia&parent=67"}],"curies":[{"name":"wp","href":"https:\/\/api.w.org\/{rel}","templated":true}]}}