{"id":71,"date":"2017-08-07T08:33:40","date_gmt":"2017-08-07T08:33:40","guid":{"rendered":"http:\/\/extremaduracitopic.com\/?page_id=71"},"modified":"2017-08-07T08:33:40","modified_gmt":"2017-08-07T08:33:40","slug":"que-es-un-itop-e-ingeniero-civil","status":"publish","type":"page","link":"https:\/\/extremaduracitopic.com\/?page_id=71","title":{"rendered":"\u00bfQue es un ITOP e ingeniero civil?"},"content":{"rendered":"<p><strong>\u00bfQu\u00e9 es la Ingenier\u00eda Civil? <\/strong><\/p>\n<p>&nbsp;<\/p>\n<p>La Ingenier\u00eda Civil es la disciplina de la ingenier\u00eda profesional que emplea conocimientos de c\u00e1lculo, mec\u00e1nica, hidr\u00e1ulica y f\u00edsica para encargarse del dise\u00f1o, construcci\u00f3n y mantenimiento de las infraestructuras emplazadas en el entorno, incluyendo carreteras, ferrocarriles, puentes, canales, presas, puertos, aeropuertos, diques y otras construcciones relacionadas como son las urbanizaciones, es decir, calles, acerados y canalizaciones (abastecimiento, saneamiento, electricidad y alumbrado, etc.), que hacen posible la mejora de los n\u00facleos urbanos.<\/p>\n<p>La Ingenier\u00eda Civil es la m\u00e1s antigua despu\u00e9s de la Ingenier\u00eda militar, de ah\u00ed su nombre para distinguir las actividades no militares de las militares.<\/p>\n<p>Los Ingenieros Civiles ocupamos puestos en pr\u00e1cticamente todos los niveles: en el sector p\u00fablico, desde el \u00e1mbito municipal al gubernamental y en el \u00e1mbito privado desde los peque\u00f1os consultores aut\u00f3nomos que trabajan en casa hasta los contratados en grandes compa\u00f1\u00edas internacionales.<\/p>\n<p>&nbsp;<\/p>\n<p><strong>\u00bfQu\u00e9 hacemos los Ingenieros Civiles y los I.T.O.P.? <\/strong><\/p>\n<p>&nbsp;<\/p>\n<p>Las acciones que nos corresponden como Ingenieros Civiles e Ingenieros T\u00e9cnicos de Obras P\u00fablicas son:<\/p>\n<ul>\n<li>La redacci\u00f3n y firma de estudios, proyectos o trabajos que tengan por objeto la concepci\u00f3n, planificaci\u00f3n, dise\u00f1o, proyecci\u00f3n, construcci\u00f3n, reforma, reparaci\u00f3n, conservaci\u00f3n, mantenimiento, demolici\u00f3n, fabricaci\u00f3n, instalaci\u00f3n, montaje, gesti\u00f3n o explotaci\u00f3n de bienes muebles o inmuebles, en sus respectivos casos, tanto con car\u00e1cter principal como accesorio, siempre que queden comprendidos por su naturaleza y caracter\u00edsticas en la t\u00e9cnica propia de la titulaci\u00f3n.<\/li>\n<li>La direcci\u00f3n de las actividades objeto de los proyectos o trabajos a que se refiere el apartado anterior.<\/li>\n<li>La realizaci\u00f3n de mediciones, c\u00e1lculos, valoraciones, tasaciones, peritaciones, estudios, informes, planos de labores y otros trabajos t\u00e9cnicos an\u00e1logos.<\/li>\n<li>El ejercicio de la docencia.<\/li>\n<li>La direcci\u00f3n de toda clase de industrias o explotaciones y el ejercicio, en general respecto de ellas, de las actividades a que se refieren los apartados anteriores.<\/li>\n<\/ul>\n<p>&nbsp;<\/p>\n<p>&nbsp;<\/p>\n<p><strong>\u00bfEn qu\u00e9 \u00e1reas de actuaci\u00f3n profesional puedes contratarnos? <\/strong><\/p>\n<p>&nbsp;<\/p>\n<p>Las \u00e1reas de actuaci\u00f3n profesional en las que puedes contratar a un Ingeniero Civil o un I.T.O.P. son las siguientes:<\/p>\n<ul>\n<li>Caminos, carreteras, autov\u00edas y autopistas. Estaciones y \u00e1reas de servicio.<\/li>\n<li>Ferrocarriles, tranv\u00edas y funiculares.<\/li>\n<li>Telef\u00e9ricos, transporte por tuber\u00eda e intercambiadores de transportes.<\/li>\n<li>Puentes, viaductos, acueductos y otras estructuras.<\/li>\n<li>T\u00faneles, construcciones subterr\u00e1neas y obras de desecaci\u00f3n, saneamiento y consolidaci\u00f3n de terrenos.<\/li>\n<li>Puertos; estructuras e instalaciones mar\u00edtimas; defensa y regeneraci\u00f3n de costas y playas.<\/li>\n<li>Planeamiento, ordenaci\u00f3n y explotaci\u00f3n del transporte terrestre, mar\u00edtimo y fluvial.<\/li>\n<li>Presas; canales; embalses; instalaciones de captaci\u00f3n, elevaci\u00f3n, conducci\u00f3n y distribuci\u00f3n de agua; encauzamientos y correcci\u00f3n de cauces; centrales y aprovechamientos hidroel\u00e9ctricos y energ\u00e9ticos.<\/li>\n<li>Planificaci\u00f3n y gesti\u00f3n de recursos hidr\u00e1ulicos; estudios hidrol\u00f3gicos; captaci\u00f3n y explotaci\u00f3n de aguas superficiales y subterr\u00e1neas.<\/li>\n<li>Estaciones de tratamiento de agua; plantas potabilizadoras, desaladoras y desalinizadoras de agua; estaciones de depuraci\u00f3n y de reutilizaci\u00f3n de aguas residuales; piscifactor\u00edas.<\/li>\n<li>Redes de abastecimiento de agua y de saneamiento de aguas residuales y emisarios terrestres y submarinos.<\/li>\n<li>Obras y servicios urbanos, alumbrado p\u00fablico, Instalaciones deportivas, ordenaci\u00f3n y regulaci\u00f3n del tr\u00e1fico y del transporte urbano, eliminaci\u00f3n de residuos, plantas de tratamiento de residuos s\u00f3lidos, vertederos, incineradoras y\u00a0 cementerios.<\/li>\n<li>Planes generales, normas subsidiarias, planes parciales, planes especiales, estudios de detalle, proyectos de urbanizaci\u00f3n, proyectos de delimitaci\u00f3n de suelo urbano y parcelaciones y reparcelaciones.<\/li>\n<li>Estudios e informes medioambientales, estudios de evaluaci\u00f3n de impacto ambiental, programas de vigilancia y control medioambiental y planes de restauraci\u00f3n y de gesti\u00f3n medioambiental.<\/li>\n<li>Edificios de usos destinados a la explotaci\u00f3n y uso de las obras de ingenier\u00eda civil y aquellos otros a los que se refiere el apartado 1.c del art\u00edculo 2 de la Ley 38\/1999, de 5 de noviembre, de ordenaci\u00f3n de la edificaci\u00f3n.<\/li>\n<li>Fabricaci\u00f3n de materiales de construcci\u00f3n y canteras y extracciones de \u00e1ridos de construcci\u00f3n.<\/li>\n<li>Prevenci\u00f3n de Riesgos Laborales y estudios y planes de seguridad y salud en las obras de construcci\u00f3n.<\/li>\n<\/ul>\n","protected":false},"excerpt":{"rendered":"<p>\u00bfQu\u00e9 es la Ingenier\u00eda Civil? &nbsp; La Ingenier\u00eda Civil es la disciplina de la ingenier\u00eda profesional que emplea conocimientos de c\u00e1lculo, mec\u00e1nica, hidr\u00e1ulica y f\u00edsica para encargarse del dise\u00f1o, construcci\u00f3n y mantenimiento de las infraestructuras emplazadas en el entorno, incluyendo carreteras, ferrocarriles, puentes, canales, presas, puertos, aeropuertos, diques y otras construcciones relacionadas como son las [&hellip;]<\/p>\n","protected":false},"author":1,"featured_media":0,"parent":0,"menu_order":0,"comment_status":"closed","ping_status":"closed","template":"","meta":{"jetpack_post_was_ever_published":false},"jetpack_sharing_enabled":true,"jetpack_shortlink":"https:\/\/wp.me\/P9MqsF-19","_links":{"self":[{"href":"https:\/\/extremaduracitopic.com\/index.php?rest_route=\/wp\/v2\/pages\/71"}],"collection":[{"href":"https:\/\/extremaduracitopic.com\/index.php?rest_route=\/wp\/v2\/pages"}],"about":[{"href":"https:\/\/extremaduracitopic.com\/index.php?rest_route=\/wp\/v2\/types\/page"}],"author":[{"embeddable":true,"href":"https:\/\/extremaduracitopic.com\/index.php?rest_route=\/wp\/v2\/users\/1"}],"replies":[{"embeddable":true,"href":"https:\/\/extremaduracitopic.com\/index.php?rest_route=%2Fwp%2Fv2%2Fcomments&post=71"}],"version-history":[{"count":1,"href":"https:\/\/extremaduracitopic.com\/index.php?rest_route=\/wp\/v2\/pages\/71\/revisions"}],"predecessor-version":[{"id":72,"href":"https:\/\/extremaduracitopic.com\/index.php?rest_route=\/wp\/v2\/pages\/71\/revisions\/72"}],"wp:attachment":[{"href":"https:\/\/extremaduracitopic.com\/index.php?rest_route=%2Fwp%2Fv2%2Fmedia&parent=71"}],"curies":[{"name":"wp","href":"https:\/\/api.w.org\/{rel}","templated":true}]}}