{"id":77,"date":"2017-08-07T08:48:48","date_gmt":"2017-08-07T08:48:48","guid":{"rendered":"http:\/\/extremaduracitopic.com\/?page_id=77"},"modified":"2024-06-21T11:24:07","modified_gmt":"2024-06-21T11:24:07","slug":"contacto","status":"publish","type":"page","link":"https:\/\/extremaduracitopic.com\/?page_id=77","title":{"rendered":"Contacto"},"content":{"rendered":"<p><iframe loading=\"lazy\" style=\"border: 0;\" src=\"https:\/\/www.google.com\/maps\/embed?pb=!1m18!1m12!1m3!1d3079.86670241211!2d-6.376631684661451!3d39.47233997948601!2m3!1f0!2f0!3f0!3m2!1i1024!2i768!4f13.1!3m3!1m2!1s0xd15dfd73578c269%3A0x4a5841e950f0e10c!2s25%2C+Calle+Roso+de+Luna%2C+27%2C+10003+C%C3%A1ceres!5e0!3m2!1ses!2ses!4v1502211717625\" width=\"750\" height=\"450\" frameborder=\"0\" allowfullscreen=\"allowfullscreen\"><\/iframe><\/p>\n<p><img decoding=\"async\" loading=\"lazy\" class=\"alignnone size-large wp-image-131\" src=\"http:\/\/extremaduracitopic.com\/wp-content\/uploads\/2017\/08\/direccion-contacto-1024x115.jpg\" alt=\"\" width=\"1024\" height=\"115\" srcset=\"https:\/\/extremaduracitopic.com\/wp-content\/uploads\/2017\/08\/direccion-contacto-1024x115.jpg 1024w, https:\/\/extremaduracitopic.com\/wp-content\/uploads\/2017\/08\/direccion-contacto-300x34.jpg 300w, https:\/\/extremaduracitopic.com\/wp-content\/uploads\/2017\/08\/direccion-contacto-768x86.jpg 768w, https:\/\/extremaduracitopic.com\/wp-content\/uploads\/2017\/08\/direccion-contacto.jpg 1142w\" sizes=\"(max-width: 1024px) 100vw, 1024px\" \/><\/p>\n<h2>Horario de Atenci\u00f3n al P\u00fablico Invierno (01\/01\/2024 &#8211; 23\/06\/2024):<\/h2>\n<p><strong>Ma\u00f1anas<\/strong>: Lunes a Viernes de 9:00 a 14:30<\/p>\n<p><strong>Tardes<\/strong>: Jueves de 17:00 a 19:30<\/p>\n<h2>Horario de Atenci\u00f3n al P\u00fablico Verano I (24\/06\/2024 &#8211; 31\/07\/2024):<\/h2>\n<p><strong>Ma\u00f1anas<\/strong>: Lunes a Viernes de 9:30 a 15:00<\/p>\n<p><strong>Tardes<\/strong>: Jueves de 18:00 a 20:30<\/p>\n<h2>Horario de Atenci\u00f3n al P\u00fablico Verano II (01\/08\/2024 &#8211; 20\/09\/2024):<\/h2>\n<p><strong>Ma\u00f1anas<\/strong>: Lunes a Viernes de 9:30 a 15:00<\/p>\n","protected":false},"excerpt":{"rendered":"<p>Horario de Atenci\u00f3n al P\u00fablico Invierno (01\/01\/2024 &#8211; 23\/06\/2024): Ma\u00f1anas: Lunes a Viernes de 9:00 a 14:30 Tardes: Jueves de 17:00 a 19:30 Horario de Atenci\u00f3n al P\u00fablico Verano I (24\/06\/2024 &#8211; 31\/07\/2024): Ma\u00f1anas: Lunes a Viernes de 9:30 a 15:00 Tardes: Jueves de 18:00 a 20:30 Horario de Atenci\u00f3n al P\u00fablico Verano II (01\/08\/2024 [&hellip;]<\/p>\n","protected":false},"author":1,"featured_media":0,"parent":0,"menu_order":0,"comment_status":"closed","ping_status":"closed","template":"","meta":{"jetpack_post_was_ever_published":false},"jetpack_sharing_enabled":true,"jetpack_shortlink":"https:\/\/wp.me\/P9MqsF-1f","_links":{"self":[{"href":"https:\/\/extremaduracitopic.com\/index.php?rest_route=\/wp\/v2\/pages\/77"}],"collection":[{"href":"https:\/\/extremaduracitopic.com\/index.php?rest_route=\/wp\/v2\/pages"}],"about":[{"href":"https:\/\/extremaduracitopic.com\/index.php?rest_route=\/wp\/v2\/types\/page"}],"author":[{"embeddable":true,"href":"https:\/\/extremaduracitopic.com\/index.php?rest_route=\/wp\/v2\/users\/1"}],"replies":[{"embeddable":true,"href":"https:\/\/extremaduracitopic.com\/index.php?rest_route=%2Fwp%2Fv2%2Fcomments&post=77"}],"version-history":[{"count":12,"href":"https:\/\/extremaduracitopic.com\/index.php?rest_route=\/wp\/v2\/pages\/77\/revisions"}],"predecessor-version":[{"id":2891,"href":"https:\/\/extremaduracitopic.com\/index.php?rest_route=\/wp\/v2\/pages\/77\/revisions\/2891"}],"wp:attachment":[{"href":"https:\/\/extremaduracitopic.com\/index.php?rest_route=%2Fwp%2Fv2%2Fmedia&parent=77"}],"curies":[{"name":"wp","href":"https:\/\/api.w.org\/{rel}","templated":true}]}}